{"id":2340,"date":"2024-01-24T12:47:22","date_gmt":"2024-01-24T11:47:22","guid":{"rendered":"https:\/\/retirosol.com\/locations\/"},"modified":"2025-07-28T09:31:05","modified_gmt":"2025-07-28T07:31:05","slug":"locations","status":"publish","type":"page","link":"https:\/\/retirosol.com\/de\/locations\/","title":{"rendered":"Standorte"},"content":{"rendered":"","protected":false},"excerpt":{"rendered":"","protected":false},"author":1,"featured_media":0,"parent":0,"menu_order":0,"comment_status":"closed","ping_status":"closed","template":"templates\/locations-template.php","meta":{"_acf_changed":false,"inline_featured_image":false,"footnotes":""},"class_list":["post-2340","page","type-page","status-publish","hentry"],"acf":[],"yoast_head":"<!-- This site is optimized with the Yoast SEO plugin v27.3 - https:\/\/yoast.com\/product\/yoast-seo-wordpress\/ -->\n<title>Wo wir sind | Entdecke Retiro Sol\u2019s beste Lagen<\/title>\n<meta name=\"description\" content=\"Wo befindet sich Retiro Sol? Nahe Str\u00e4nde, Restaurants und Sehensw\u00fcrdigkeiten f\u00fcr einen unvergesslichen Aufenthalt.\" \/>\n<meta name=\"robots\" content=\"index, follow, max-snippet:-1, max-image-preview:large, max-video-preview:-1\" \/>\n<link rel=\"canonical\" href=\"https:\/\/retirosol.com\/de\/locations\/\" \/>\n<meta property=\"og:locale\" content=\"de_DE\" \/>\n<meta property=\"og:type\" content=\"article\" \/>\n<meta property=\"og:title\" content=\"Wo wir sind | Entdecke Retiro Sol\u2019s beste Lagen\" \/>\n<meta property=\"og:description\" content=\"Wo befindet sich Retiro Sol? Nahe Str\u00e4nde, Restaurants und Sehensw\u00fcrdigkeiten f\u00fcr einen unvergesslichen Aufenthalt.\" \/>\n<meta property=\"og:url\" content=\"https:\/\/retirosol.com\/de\/locations\/\" \/>\n<meta property=\"og:site_name\" content=\"Retiro Sol\" \/>\n<meta property=\"article:modified_time\" content=\"2025-07-28T07:31:05+00:00\" \/>\n<meta name=\"twitter:card\" content=\"summary_large_image\" \/>\n<meta name=\"twitter:label1\" content=\"Gesch\u00e4tzte Lesezeit\" \/>\n\t<meta name=\"twitter:data1\" content=\"1\u00a0Minute\" \/>\n<script type=\"application\/ld+json\" class=\"yoast-schema-graph\">{\"@context\":\"https:\\\/\\\/schema.org\",\"@graph\":[{\"@type\":\"WebPage\",\"@id\":\"https:\\\/\\\/retirosol.com\\\/de\\\/locations\\\/\",\"url\":\"https:\\\/\\\/retirosol.com\\\/de\\\/locations\\\/\",\"name\":\"Wo wir sind | Entdecke Retiro Sol\u2019s beste Lagen\",\"isPartOf\":{\"@id\":\"https:\\\/\\\/retirosol.com\\\/de\\\/#website\"},\"datePublished\":\"2024-01-24T11:47:22+00:00\",\"dateModified\":\"2025-07-28T07:31:05+00:00\",\"description\":\"Wo befindet sich Retiro Sol? Nahe Str\u00e4nde, Restaurants und Sehensw\u00fcrdigkeiten f\u00fcr einen unvergesslichen Aufenthalt.\",\"breadcrumb\":{\"@id\":\"https:\\\/\\\/retirosol.com\\\/de\\\/locations\\\/#breadcrumb\"},\"inLanguage\":\"de\",\"potentialAction\":[{\"@type\":\"ReadAction\",\"target\":[\"https:\\\/\\\/retirosol.com\\\/de\\\/locations\\\/\"]}]},{\"@type\":\"BreadcrumbList\",\"@id\":\"https:\\\/\\\/retirosol.com\\\/de\\\/locations\\\/#breadcrumb\",\"itemListElement\":[{\"@type\":\"ListItem\",\"position\":1,\"name\":\"Home\",\"item\":\"https:\\\/\\\/retirosol.com\\\/de\\\/\"},{\"@type\":\"ListItem\",\"position\":2,\"name\":\"Standorte\"}]},{\"@type\":\"WebSite\",\"@id\":\"https:\\\/\\\/retirosol.com\\\/de\\\/#website\",\"url\":\"https:\\\/\\\/retirosol.com\\\/de\\\/\",\"name\":\"Retiro Sol\",\"description\":\"Everything you need for a relaxing holiday\",\"potentialAction\":[{\"@type\":\"SearchAction\",\"target\":{\"@type\":\"EntryPoint\",\"urlTemplate\":\"https:\\\/\\\/retirosol.com\\\/de\\\/?s={search_term_string}\"},\"query-input\":{\"@type\":\"PropertyValueSpecification\",\"valueRequired\":true,\"valueName\":\"search_term_string\"}}],\"inLanguage\":\"de\"}]}<\/script>\n<!-- \/ Yoast SEO plugin. -->","yoast_head_json":{"title":"Wo wir sind | Entdecke Retiro Sol\u2019s beste Lagen","description":"Wo befindet sich Retiro Sol? Nahe Str\u00e4nde, Restaurants und Sehensw\u00fcrdigkeiten f\u00fcr einen unvergesslichen Aufenthalt.","robots":{"index":"index","follow":"follow","max-snippet":"max-snippet:-1","max-image-preview":"max-image-preview:large","max-video-preview":"max-video-preview:-1"},"canonical":"https:\/\/retirosol.com\/de\/locations\/","og_locale":"de_DE","og_type":"article","og_title":"Wo wir sind | Entdecke Retiro Sol\u2019s beste Lagen","og_description":"Wo befindet sich Retiro Sol? Nahe Str\u00e4nde, Restaurants und Sehensw\u00fcrdigkeiten f\u00fcr einen unvergesslichen Aufenthalt.","og_url":"https:\/\/retirosol.com\/de\/locations\/","og_site_name":"Retiro Sol","article_modified_time":"2025-07-28T07:31:05+00:00","twitter_card":"summary_large_image","twitter_misc":{"Gesch\u00e4tzte Lesezeit":"1\u00a0Minute"},"schema":{"@context":"https:\/\/schema.org","@graph":[{"@type":"WebPage","@id":"https:\/\/retirosol.com\/de\/locations\/","url":"https:\/\/retirosol.com\/de\/locations\/","name":"Wo wir sind | Entdecke Retiro Sol\u2019s beste Lagen","isPartOf":{"@id":"https:\/\/retirosol.com\/de\/#website"},"datePublished":"2024-01-24T11:47:22+00:00","dateModified":"2025-07-28T07:31:05+00:00","description":"Wo befindet sich Retiro Sol? Nahe Str\u00e4nde, Restaurants und Sehensw\u00fcrdigkeiten f\u00fcr einen unvergesslichen Aufenthalt.","breadcrumb":{"@id":"https:\/\/retirosol.com\/de\/locations\/#breadcrumb"},"inLanguage":"de","potentialAction":[{"@type":"ReadAction","target":["https:\/\/retirosol.com\/de\/locations\/"]}]},{"@type":"BreadcrumbList","@id":"https:\/\/retirosol.com\/de\/locations\/#breadcrumb","itemListElement":[{"@type":"ListItem","position":1,"name":"Home","item":"https:\/\/retirosol.com\/de\/"},{"@type":"ListItem","position":2,"name":"Standorte"}]},{"@type":"WebSite","@id":"https:\/\/retirosol.com\/de\/#website","url":"https:\/\/retirosol.com\/de\/","name":"Retiro Sol","description":"Everything you need for a relaxing holiday","potentialAction":[{"@type":"SearchAction","target":{"@type":"EntryPoint","urlTemplate":"https:\/\/retirosol.com\/de\/?s={search_term_string}"},"query-input":{"@type":"PropertyValueSpecification","valueRequired":true,"valueName":"search_term_string"}}],"inLanguage":"de"}]}},"_links":{"self":[{"href":"https:\/\/retirosol.com\/de\/wp-json\/wp\/v2\/pages\/2340","targetHints":{"allow":["GET"]}}],"collection":[{"href":"https:\/\/retirosol.com\/de\/wp-json\/wp\/v2\/pages"}],"about":[{"href":"https:\/\/retirosol.com\/de\/wp-json\/wp\/v2\/types\/page"}],"author":[{"embeddable":true,"href":"https:\/\/retirosol.com\/de\/wp-json\/wp\/v2\/users\/1"}],"replies":[{"embeddable":true,"href":"https:\/\/retirosol.com\/de\/wp-json\/wp\/v2\/comments?post=2340"}],"version-history":[{"count":2,"href":"https:\/\/retirosol.com\/de\/wp-json\/wp\/v2\/pages\/2340\/revisions"}],"predecessor-version":[{"id":2422,"href":"https:\/\/retirosol.com\/de\/wp-json\/wp\/v2\/pages\/2340\/revisions\/2422"}],"wp:attachment":[{"href":"https:\/\/retirosol.com\/de\/wp-json\/wp\/v2\/media?parent=2340"}],"curies":[{"name":"wp","href":"https:\/\/api.w.org\/{rel}","templated":true}]}}