{"id":2434,"date":"2024-02-08T17:47:49","date_gmt":"2024-02-08T16:47:49","guid":{"rendered":"https:\/\/retirosol.com\/?page_id=2434"},"modified":"2025-07-28T09:26:14","modified_gmt":"2025-07-28T07:26:14","slug":"uberwintern","status":"publish","type":"page","link":"https:\/\/retirosol.com\/de\/uberwintern\/","title":{"rendered":"Uberwintern"},"content":{"rendered":"","protected":false},"excerpt":{"rendered":"","protected":false},"author":2,"featured_media":0,"parent":0,"menu_order":0,"comment_status":"closed","ping_status":"closed","template":"","meta":{"_acf_changed":false,"inline_featured_image":false,"footnotes":""},"class_list":["post-2434","page","type-page","status-publish","hentry"],"acf":[],"yoast_head":"<!-- This site is optimized with the Yoast SEO plugin v27.3 - https:\/\/yoast.com\/product\/yoast-seo-wordpress\/ -->\n<title>K\u00e4lte entfliehen: \u00dcberwintern bei Retiro Sol in Spanien<\/title>\n<meta name=\"description\" content=\"Entfliehen Sie der K\u00e4lte und verbringen Sie den Winter in Spanien. Genie\u00dfen Sie Sonne, Komfort und Erholung bei Retirosol!\" \/>\n<meta name=\"robots\" content=\"index, follow, max-snippet:-1, max-image-preview:large, max-video-preview:-1\" \/>\n<link rel=\"canonical\" href=\"https:\/\/retirosol.com\/de\/uberwintern\/\" \/>\n<meta property=\"og:locale\" content=\"de_DE\" \/>\n<meta property=\"og:type\" content=\"article\" \/>\n<meta property=\"og:title\" content=\"K\u00e4lte entfliehen: \u00dcberwintern bei Retiro Sol in Spanien\" \/>\n<meta property=\"og:description\" content=\"Entfliehen Sie der K\u00e4lte und verbringen Sie den Winter in Spanien. Genie\u00dfen Sie Sonne, Komfort und Erholung bei Retirosol!\" \/>\n<meta property=\"og:url\" content=\"https:\/\/retirosol.com\/de\/uberwintern\/\" \/>\n<meta property=\"og:site_name\" content=\"Retiro Sol\" \/>\n<meta property=\"article:modified_time\" content=\"2025-07-28T07:26:14+00:00\" \/>\n<meta name=\"twitter:card\" content=\"summary_large_image\" \/>\n<meta name=\"twitter:label1\" content=\"Gesch\u00e4tzte Lesezeit\" \/>\n\t<meta name=\"twitter:data1\" content=\"5\u00a0Minuten\" \/>\n<script type=\"application\/ld+json\" class=\"yoast-schema-graph\">{\"@context\":\"https:\\\/\\\/schema.org\",\"@graph\":[{\"@type\":\"WebPage\",\"@id\":\"https:\\\/\\\/retirosol.com\\\/de\\\/uberwintern\\\/\",\"url\":\"https:\\\/\\\/retirosol.com\\\/de\\\/uberwintern\\\/\",\"name\":\"K\u00e4lte entfliehen: \u00dcberwintern bei Retiro Sol in Spanien\",\"isPartOf\":{\"@id\":\"https:\\\/\\\/retirosol.com\\\/de\\\/#website\"},\"datePublished\":\"2024-02-08T16:47:49+00:00\",\"dateModified\":\"2025-07-28T07:26:14+00:00\",\"description\":\"Entfliehen Sie der K\u00e4lte und verbringen Sie den Winter in Spanien. Genie\u00dfen Sie Sonne, Komfort und Erholung bei Retirosol!\",\"breadcrumb\":{\"@id\":\"https:\\\/\\\/retirosol.com\\\/de\\\/uberwintern\\\/#breadcrumb\"},\"inLanguage\":\"de\",\"potentialAction\":[{\"@type\":\"ReadAction\",\"target\":[\"https:\\\/\\\/retirosol.com\\\/de\\\/uberwintern\\\/\"]}]},{\"@type\":\"BreadcrumbList\",\"@id\":\"https:\\\/\\\/retirosol.com\\\/de\\\/uberwintern\\\/#breadcrumb\",\"itemListElement\":[{\"@type\":\"ListItem\",\"position\":1,\"name\":\"Home\",\"item\":\"https:\\\/\\\/retirosol.com\\\/de\\\/\"},{\"@type\":\"ListItem\",\"position\":2,\"name\":\"Uberwintern\"}]},{\"@type\":\"WebSite\",\"@id\":\"https:\\\/\\\/retirosol.com\\\/de\\\/#website\",\"url\":\"https:\\\/\\\/retirosol.com\\\/de\\\/\",\"name\":\"Retiro Sol\",\"description\":\"Everything you need for a relaxing holiday\",\"potentialAction\":[{\"@type\":\"SearchAction\",\"target\":{\"@type\":\"EntryPoint\",\"urlTemplate\":\"https:\\\/\\\/retirosol.com\\\/de\\\/?s={search_term_string}\"},\"query-input\":{\"@type\":\"PropertyValueSpecification\",\"valueRequired\":true,\"valueName\":\"search_term_string\"}}],\"inLanguage\":\"de\"}]}<\/script>\n<!-- \/ Yoast SEO plugin. -->","yoast_head_json":{"title":"K\u00e4lte entfliehen: \u00dcberwintern bei Retiro Sol in Spanien","description":"Entfliehen Sie der K\u00e4lte und verbringen Sie den Winter in Spanien. Genie\u00dfen Sie Sonne, Komfort und Erholung bei Retirosol!","robots":{"index":"index","follow":"follow","max-snippet":"max-snippet:-1","max-image-preview":"max-image-preview:large","max-video-preview":"max-video-preview:-1"},"canonical":"https:\/\/retirosol.com\/de\/uberwintern\/","og_locale":"de_DE","og_type":"article","og_title":"K\u00e4lte entfliehen: \u00dcberwintern bei Retiro Sol in Spanien","og_description":"Entfliehen Sie der K\u00e4lte und verbringen Sie den Winter in Spanien. Genie\u00dfen Sie Sonne, Komfort und Erholung bei Retirosol!","og_url":"https:\/\/retirosol.com\/de\/uberwintern\/","og_site_name":"Retiro Sol","article_modified_time":"2025-07-28T07:26:14+00:00","twitter_card":"summary_large_image","twitter_misc":{"Gesch\u00e4tzte Lesezeit":"5\u00a0Minuten"},"schema":{"@context":"https:\/\/schema.org","@graph":[{"@type":"WebPage","@id":"https:\/\/retirosol.com\/de\/uberwintern\/","url":"https:\/\/retirosol.com\/de\/uberwintern\/","name":"K\u00e4lte entfliehen: \u00dcberwintern bei Retiro Sol in Spanien","isPartOf":{"@id":"https:\/\/retirosol.com\/de\/#website"},"datePublished":"2024-02-08T16:47:49+00:00","dateModified":"2025-07-28T07:26:14+00:00","description":"Entfliehen Sie der K\u00e4lte und verbringen Sie den Winter in Spanien. Genie\u00dfen Sie Sonne, Komfort und Erholung bei Retirosol!","breadcrumb":{"@id":"https:\/\/retirosol.com\/de\/uberwintern\/#breadcrumb"},"inLanguage":"de","potentialAction":[{"@type":"ReadAction","target":["https:\/\/retirosol.com\/de\/uberwintern\/"]}]},{"@type":"BreadcrumbList","@id":"https:\/\/retirosol.com\/de\/uberwintern\/#breadcrumb","itemListElement":[{"@type":"ListItem","position":1,"name":"Home","item":"https:\/\/retirosol.com\/de\/"},{"@type":"ListItem","position":2,"name":"Uberwintern"}]},{"@type":"WebSite","@id":"https:\/\/retirosol.com\/de\/#website","url":"https:\/\/retirosol.com\/de\/","name":"Retiro Sol","description":"Everything you need for a relaxing holiday","potentialAction":[{"@type":"SearchAction","target":{"@type":"EntryPoint","urlTemplate":"https:\/\/retirosol.com\/de\/?s={search_term_string}"},"query-input":{"@type":"PropertyValueSpecification","valueRequired":true,"valueName":"search_term_string"}}],"inLanguage":"de"}]}},"_links":{"self":[{"href":"https:\/\/retirosol.com\/de\/wp-json\/wp\/v2\/pages\/2434","targetHints":{"allow":["GET"]}}],"collection":[{"href":"https:\/\/retirosol.com\/de\/wp-json\/wp\/v2\/pages"}],"about":[{"href":"https:\/\/retirosol.com\/de\/wp-json\/wp\/v2\/types\/page"}],"author":[{"embeddable":true,"href":"https:\/\/retirosol.com\/de\/wp-json\/wp\/v2\/users\/2"}],"replies":[{"embeddable":true,"href":"https:\/\/retirosol.com\/de\/wp-json\/wp\/v2\/comments?post=2434"}],"version-history":[{"count":8,"href":"https:\/\/retirosol.com\/de\/wp-json\/wp\/v2\/pages\/2434\/revisions"}],"predecessor-version":[{"id":6179,"href":"https:\/\/retirosol.com\/de\/wp-json\/wp\/v2\/pages\/2434\/revisions\/6179"}],"wp:attachment":[{"href":"https:\/\/retirosol.com\/de\/wp-json\/wp\/v2\/media?parent=2434"}],"curies":[{"name":"wp","href":"https:\/\/api.w.org\/{rel}","templated":true}]}}