{"id":2451,"date":"2024-02-13T18:36:34","date_gmt":"2024-02-13T17:36:34","guid":{"rendered":"https:\/\/retirosol.com\/?page_id=2451"},"modified":"2025-07-28T09:33:53","modified_gmt":"2025-07-28T07:33:53","slug":"transport-von-und-zu-2-flughaefen","status":"publish","type":"page","link":"https:\/\/retirosol.com\/de\/transport-von-und-zu-2-flughaefen\/","title":{"rendered":"Transport von und zu 2 Flugh\u00e4fen"},"content":{"rendered":"","protected":false},"excerpt":{"rendered":"","protected":false},"author":2,"featured_media":0,"parent":0,"menu_order":0,"comment_status":"closed","ping_status":"closed","template":"","meta":{"_acf_changed":false,"inline_featured_image":false,"footnotes":""},"class_list":["post-2451","page","type-page","status-publish","hentry"],"acf":[],"yoast_head":"<!-- This site is optimized with the Yoast SEO plugin v27.3 - https:\/\/yoast.com\/product\/yoast-seo-wordpress\/ -->\n<title>Transport zu &amp; von Flugh\u00e4fen | Retiro Sol<\/title>\n<meta name=\"description\" content=\"Entdecke die besten Transportm\u00f6glichkeiten zu und von den Flugh\u00e4fen. Erreiche Retiro Sol schnell und stressfrei!\" \/>\n<meta name=\"robots\" content=\"index, follow, max-snippet:-1, max-image-preview:large, max-video-preview:-1\" \/>\n<link rel=\"canonical\" href=\"https:\/\/retirosol.com\/de\/transport-von-und-zu-2-flughaefen\/\" \/>\n<meta property=\"og:locale\" content=\"de_DE\" \/>\n<meta property=\"og:type\" content=\"article\" \/>\n<meta property=\"og:title\" content=\"Transport zu &amp; von Flugh\u00e4fen | Retiro Sol\" \/>\n<meta property=\"og:description\" content=\"Entdecke die besten Transportm\u00f6glichkeiten zu und von den Flugh\u00e4fen. Erreiche Retiro Sol schnell und stressfrei!\" \/>\n<meta property=\"og:url\" content=\"https:\/\/retirosol.com\/de\/transport-von-und-zu-2-flughaefen\/\" \/>\n<meta property=\"og:site_name\" content=\"Retiro Sol\" \/>\n<meta property=\"article:modified_time\" content=\"2025-07-28T07:33:53+00:00\" \/>\n<meta name=\"twitter:card\" content=\"summary_large_image\" \/>\n<meta name=\"twitter:label1\" content=\"Gesch\u00e4tzte Lesezeit\" \/>\n\t<meta name=\"twitter:data1\" content=\"3\u00a0Minuten\" \/>\n<script type=\"application\/ld+json\" class=\"yoast-schema-graph\">{\"@context\":\"https:\\\/\\\/schema.org\",\"@graph\":[{\"@type\":\"WebPage\",\"@id\":\"https:\\\/\\\/retirosol.com\\\/de\\\/transport-von-und-zu-2-flughaefen\\\/\",\"url\":\"https:\\\/\\\/retirosol.com\\\/de\\\/transport-von-und-zu-2-flughaefen\\\/\",\"name\":\"Transport zu & von Flugh\u00e4fen | Retiro Sol\",\"isPartOf\":{\"@id\":\"https:\\\/\\\/retirosol.com\\\/de\\\/#website\"},\"datePublished\":\"2024-02-13T17:36:34+00:00\",\"dateModified\":\"2025-07-28T07:33:53+00:00\",\"description\":\"Entdecke die besten Transportm\u00f6glichkeiten zu und von den Flugh\u00e4fen. Erreiche Retiro Sol schnell und stressfrei!\",\"breadcrumb\":{\"@id\":\"https:\\\/\\\/retirosol.com\\\/de\\\/transport-von-und-zu-2-flughaefen\\\/#breadcrumb\"},\"inLanguage\":\"de\",\"potentialAction\":[{\"@type\":\"ReadAction\",\"target\":[\"https:\\\/\\\/retirosol.com\\\/de\\\/transport-von-und-zu-2-flughaefen\\\/\"]}]},{\"@type\":\"BreadcrumbList\",\"@id\":\"https:\\\/\\\/retirosol.com\\\/de\\\/transport-von-und-zu-2-flughaefen\\\/#breadcrumb\",\"itemListElement\":[{\"@type\":\"ListItem\",\"position\":1,\"name\":\"Home\",\"item\":\"https:\\\/\\\/retirosol.com\\\/de\\\/\"},{\"@type\":\"ListItem\",\"position\":2,\"name\":\"Transport von und zu 2 Flugh\u00e4fen\"}]},{\"@type\":\"WebSite\",\"@id\":\"https:\\\/\\\/retirosol.com\\\/de\\\/#website\",\"url\":\"https:\\\/\\\/retirosol.com\\\/de\\\/\",\"name\":\"Retiro Sol\",\"description\":\"Everything you need for a relaxing holiday\",\"potentialAction\":[{\"@type\":\"SearchAction\",\"target\":{\"@type\":\"EntryPoint\",\"urlTemplate\":\"https:\\\/\\\/retirosol.com\\\/de\\\/?s={search_term_string}\"},\"query-input\":{\"@type\":\"PropertyValueSpecification\",\"valueRequired\":true,\"valueName\":\"search_term_string\"}}],\"inLanguage\":\"de\"}]}<\/script>\n<!-- \/ Yoast SEO plugin. -->","yoast_head_json":{"title":"Transport zu & von Flugh\u00e4fen | Retiro Sol","description":"Entdecke die besten Transportm\u00f6glichkeiten zu und von den Flugh\u00e4fen. Erreiche Retiro Sol schnell und stressfrei!","robots":{"index":"index","follow":"follow","max-snippet":"max-snippet:-1","max-image-preview":"max-image-preview:large","max-video-preview":"max-video-preview:-1"},"canonical":"https:\/\/retirosol.com\/de\/transport-von-und-zu-2-flughaefen\/","og_locale":"de_DE","og_type":"article","og_title":"Transport zu & von Flugh\u00e4fen | Retiro Sol","og_description":"Entdecke die besten Transportm\u00f6glichkeiten zu und von den Flugh\u00e4fen. Erreiche Retiro Sol schnell und stressfrei!","og_url":"https:\/\/retirosol.com\/de\/transport-von-und-zu-2-flughaefen\/","og_site_name":"Retiro Sol","article_modified_time":"2025-07-28T07:33:53+00:00","twitter_card":"summary_large_image","twitter_misc":{"Gesch\u00e4tzte Lesezeit":"3\u00a0Minuten"},"schema":{"@context":"https:\/\/schema.org","@graph":[{"@type":"WebPage","@id":"https:\/\/retirosol.com\/de\/transport-von-und-zu-2-flughaefen\/","url":"https:\/\/retirosol.com\/de\/transport-von-und-zu-2-flughaefen\/","name":"Transport zu & von Flugh\u00e4fen | Retiro Sol","isPartOf":{"@id":"https:\/\/retirosol.com\/de\/#website"},"datePublished":"2024-02-13T17:36:34+00:00","dateModified":"2025-07-28T07:33:53+00:00","description":"Entdecke die besten Transportm\u00f6glichkeiten zu und von den Flugh\u00e4fen. Erreiche Retiro Sol schnell und stressfrei!","breadcrumb":{"@id":"https:\/\/retirosol.com\/de\/transport-von-und-zu-2-flughaefen\/#breadcrumb"},"inLanguage":"de","potentialAction":[{"@type":"ReadAction","target":["https:\/\/retirosol.com\/de\/transport-von-und-zu-2-flughaefen\/"]}]},{"@type":"BreadcrumbList","@id":"https:\/\/retirosol.com\/de\/transport-von-und-zu-2-flughaefen\/#breadcrumb","itemListElement":[{"@type":"ListItem","position":1,"name":"Home","item":"https:\/\/retirosol.com\/de\/"},{"@type":"ListItem","position":2,"name":"Transport von und zu 2 Flugh\u00e4fen"}]},{"@type":"WebSite","@id":"https:\/\/retirosol.com\/de\/#website","url":"https:\/\/retirosol.com\/de\/","name":"Retiro Sol","description":"Everything you need for a relaxing holiday","potentialAction":[{"@type":"SearchAction","target":{"@type":"EntryPoint","urlTemplate":"https:\/\/retirosol.com\/de\/?s={search_term_string}"},"query-input":{"@type":"PropertyValueSpecification","valueRequired":true,"valueName":"search_term_string"}}],"inLanguage":"de"}]}},"_links":{"self":[{"href":"https:\/\/retirosol.com\/de\/wp-json\/wp\/v2\/pages\/2451","targetHints":{"allow":["GET"]}}],"collection":[{"href":"https:\/\/retirosol.com\/de\/wp-json\/wp\/v2\/pages"}],"about":[{"href":"https:\/\/retirosol.com\/de\/wp-json\/wp\/v2\/types\/page"}],"author":[{"embeddable":true,"href":"https:\/\/retirosol.com\/de\/wp-json\/wp\/v2\/users\/2"}],"replies":[{"embeddable":true,"href":"https:\/\/retirosol.com\/de\/wp-json\/wp\/v2\/comments?post=2451"}],"version-history":[{"count":3,"href":"https:\/\/retirosol.com\/de\/wp-json\/wp\/v2\/pages\/2451\/revisions"}],"predecessor-version":[{"id":2460,"href":"https:\/\/retirosol.com\/de\/wp-json\/wp\/v2\/pages\/2451\/revisions\/2460"}],"wp:attachment":[{"href":"https:\/\/retirosol.com\/de\/wp-json\/wp\/v2\/media?parent=2451"}],"curies":[{"name":"wp","href":"https:\/\/api.w.org\/{rel}","templated":true}]}}