{"id":2341,"date":"2024-01-24T12:47:22","date_gmt":"2024-01-24T11:47:22","guid":{"rendered":"https:\/\/retirosol.com\/locations\/"},"modified":"2025-07-28T09:41:52","modified_gmt":"2025-07-28T07:41:52","slug":"locations","status":"publish","type":"page","link":"https:\/\/retirosol.com\/es\/locations\/","title":{"rendered":"Ubicaciones"},"content":{"rendered":"","protected":false},"excerpt":{"rendered":"","protected":false},"author":1,"featured_media":0,"parent":0,"menu_order":0,"comment_status":"closed","ping_status":"closed","template":"templates\/locations-template.php","meta":{"_acf_changed":false,"inline_featured_image":false,"footnotes":""},"class_list":["post-2341","page","type-page","status-publish","hentry"],"acf":[],"yoast_head":"<!-- This site is optimized with the Yoast SEO plugin v27.3 - https:\/\/yoast.com\/product\/yoast-seo-wordpress\/ -->\n<title>Encuentra tu alojamiento perfecto con Retiro Sol<\/title>\n<meta name=\"description\" content=\"Explora las ubicaciones de Retirosol y elige el alojamiento ideal para tus vacaciones en D\u00e9nia, J\u00e1vea y m\u00e1s.\" \/>\n<meta name=\"robots\" content=\"index, follow, max-snippet:-1, max-image-preview:large, max-video-preview:-1\" \/>\n<link rel=\"canonical\" href=\"https:\/\/retirosol.com\/es\/locations\/\" \/>\n<meta property=\"og:locale\" content=\"es_ES\" \/>\n<meta property=\"og:type\" content=\"article\" \/>\n<meta property=\"og:title\" content=\"Encuentra tu alojamiento perfecto con Retiro Sol\" \/>\n<meta property=\"og:description\" content=\"Explora las ubicaciones de Retirosol y elige el alojamiento ideal para tus vacaciones en D\u00e9nia, J\u00e1vea y m\u00e1s.\" \/>\n<meta property=\"og:url\" content=\"https:\/\/retirosol.com\/es\/locations\/\" \/>\n<meta property=\"og:site_name\" content=\"Retiro Sol\" \/>\n<meta property=\"article:modified_time\" content=\"2025-07-28T07:41:52+00:00\" \/>\n<meta name=\"twitter:card\" content=\"summary_large_image\" \/>\n<meta name=\"twitter:label1\" content=\"Tiempo de lectura\" \/>\n\t<meta name=\"twitter:data1\" content=\"1 minuto\" \/>\n<script type=\"application\/ld+json\" class=\"yoast-schema-graph\">{\"@context\":\"https:\\\/\\\/schema.org\",\"@graph\":[{\"@type\":\"WebPage\",\"@id\":\"https:\\\/\\\/retirosol.com\\\/es\\\/locations\\\/\",\"url\":\"https:\\\/\\\/retirosol.com\\\/es\\\/locations\\\/\",\"name\":\"Encuentra tu alojamiento perfecto con Retiro Sol\",\"isPartOf\":{\"@id\":\"https:\\\/\\\/retirosol.com\\\/es\\\/#website\"},\"datePublished\":\"2024-01-24T11:47:22+00:00\",\"dateModified\":\"2025-07-28T07:41:52+00:00\",\"description\":\"Explora las ubicaciones de Retirosol y elige el alojamiento ideal para tus vacaciones en D\u00e9nia, J\u00e1vea y m\u00e1s.\",\"breadcrumb\":{\"@id\":\"https:\\\/\\\/retirosol.com\\\/es\\\/locations\\\/#breadcrumb\"},\"inLanguage\":\"es\",\"potentialAction\":[{\"@type\":\"ReadAction\",\"target\":[\"https:\\\/\\\/retirosol.com\\\/es\\\/locations\\\/\"]}]},{\"@type\":\"BreadcrumbList\",\"@id\":\"https:\\\/\\\/retirosol.com\\\/es\\\/locations\\\/#breadcrumb\",\"itemListElement\":[{\"@type\":\"ListItem\",\"position\":1,\"name\":\"Home\",\"item\":\"https:\\\/\\\/retirosol.com\\\/es\\\/\"},{\"@type\":\"ListItem\",\"position\":2,\"name\":\"Ubicaciones\"}]},{\"@type\":\"WebSite\",\"@id\":\"https:\\\/\\\/retirosol.com\\\/es\\\/#website\",\"url\":\"https:\\\/\\\/retirosol.com\\\/es\\\/\",\"name\":\"Retiro Sol\",\"description\":\"Everything you need for a relaxing holiday\",\"potentialAction\":[{\"@type\":\"SearchAction\",\"target\":{\"@type\":\"EntryPoint\",\"urlTemplate\":\"https:\\\/\\\/retirosol.com\\\/es\\\/?s={search_term_string}\"},\"query-input\":{\"@type\":\"PropertyValueSpecification\",\"valueRequired\":true,\"valueName\":\"search_term_string\"}}],\"inLanguage\":\"es\"}]}<\/script>\n<!-- \/ Yoast SEO plugin. -->","yoast_head_json":{"title":"Encuentra tu alojamiento perfecto con Retiro Sol","description":"Explora las ubicaciones de Retirosol y elige el alojamiento ideal para tus vacaciones en D\u00e9nia, J\u00e1vea y m\u00e1s.","robots":{"index":"index","follow":"follow","max-snippet":"max-snippet:-1","max-image-preview":"max-image-preview:large","max-video-preview":"max-video-preview:-1"},"canonical":"https:\/\/retirosol.com\/es\/locations\/","og_locale":"es_ES","og_type":"article","og_title":"Encuentra tu alojamiento perfecto con Retiro Sol","og_description":"Explora las ubicaciones de Retirosol y elige el alojamiento ideal para tus vacaciones en D\u00e9nia, J\u00e1vea y m\u00e1s.","og_url":"https:\/\/retirosol.com\/es\/locations\/","og_site_name":"Retiro Sol","article_modified_time":"2025-07-28T07:41:52+00:00","twitter_card":"summary_large_image","twitter_misc":{"Tiempo de lectura":"1 minuto"},"schema":{"@context":"https:\/\/schema.org","@graph":[{"@type":"WebPage","@id":"https:\/\/retirosol.com\/es\/locations\/","url":"https:\/\/retirosol.com\/es\/locations\/","name":"Encuentra tu alojamiento perfecto con Retiro Sol","isPartOf":{"@id":"https:\/\/retirosol.com\/es\/#website"},"datePublished":"2024-01-24T11:47:22+00:00","dateModified":"2025-07-28T07:41:52+00:00","description":"Explora las ubicaciones de Retirosol y elige el alojamiento ideal para tus vacaciones en D\u00e9nia, J\u00e1vea y m\u00e1s.","breadcrumb":{"@id":"https:\/\/retirosol.com\/es\/locations\/#breadcrumb"},"inLanguage":"es","potentialAction":[{"@type":"ReadAction","target":["https:\/\/retirosol.com\/es\/locations\/"]}]},{"@type":"BreadcrumbList","@id":"https:\/\/retirosol.com\/es\/locations\/#breadcrumb","itemListElement":[{"@type":"ListItem","position":1,"name":"Home","item":"https:\/\/retirosol.com\/es\/"},{"@type":"ListItem","position":2,"name":"Ubicaciones"}]},{"@type":"WebSite","@id":"https:\/\/retirosol.com\/es\/#website","url":"https:\/\/retirosol.com\/es\/","name":"Retiro Sol","description":"Everything you need for a relaxing holiday","potentialAction":[{"@type":"SearchAction","target":{"@type":"EntryPoint","urlTemplate":"https:\/\/retirosol.com\/es\/?s={search_term_string}"},"query-input":{"@type":"PropertyValueSpecification","valueRequired":true,"valueName":"search_term_string"}}],"inLanguage":"es"}]}},"_links":{"self":[{"href":"https:\/\/retirosol.com\/es\/wp-json\/wp\/v2\/pages\/2341","targetHints":{"allow":["GET"]}}],"collection":[{"href":"https:\/\/retirosol.com\/es\/wp-json\/wp\/v2\/pages"}],"about":[{"href":"https:\/\/retirosol.com\/es\/wp-json\/wp\/v2\/types\/page"}],"author":[{"embeddable":true,"href":"https:\/\/retirosol.com\/es\/wp-json\/wp\/v2\/users\/1"}],"replies":[{"embeddable":true,"href":"https:\/\/retirosol.com\/es\/wp-json\/wp\/v2\/comments?post=2341"}],"version-history":[{"count":2,"href":"https:\/\/retirosol.com\/es\/wp-json\/wp\/v2\/pages\/2341\/revisions"}],"predecessor-version":[{"id":2465,"href":"https:\/\/retirosol.com\/es\/wp-json\/wp\/v2\/pages\/2341\/revisions\/2465"}],"wp:attachment":[{"href":"https:\/\/retirosol.com\/es\/wp-json\/wp\/v2\/media?parent=2341"}],"curies":[{"name":"wp","href":"https:\/\/api.w.org\/{rel}","templated":true}]}}